{"id":396,"date":"2023-11-17T18:01:22","date_gmt":"2023-11-17T17:01:22","guid":{"rendered":"https:\/\/server963268.nazwa.pl\/wpre\/?page_id=396"},"modified":"2025-11-10T21:11:09","modified_gmt":"2025-11-10T21:11:09","slug":"szkolenie-mlodziezy","status":"publish","type":"page","link":"https:\/\/pilkarecznapoznan.pl\/index.php\/szkolenie-mlodziezy\/","title":{"rendered":"Szkolenie m\u0142odzie\u017cy"},"content":{"rendered":"\n<p>Poza grup\u0105 seniorsk\u0105 podstawa klubu opiera si\u0119 na rozwoju grup m\u0142odzie\u017cowych i ich szkoleniu. Z roku na rok rozszerzamy grupy dziewczyn w r\u00f3\u017cnych przedzia\u0142ach wiekowych, zaczynaj\u0105c od klas 4-5 (kategoria dzieci), a\u017c po m\u0142odziczki i juniorki m\u0142odsze \u2013 nastolatki, kt\u00f3re w przysz\u0142o\u015bci b\u0119d\u0105 zasila\u0107 nasz juniorski i seniorski zesp\u00f3\u0142. Skupiamy si\u0119 na tym, by rozwija\u0107 kobiec\u0105 si\u0142\u0119 od najm\u0142odszych lat, dbaj\u0105c o odpowiedni\u0105 edukacj\u0119 sportow\u0105 i wychowanie naszych zawodniczek. Wierzymy, \u017ce m\u0142odzie\u017cowy rozw\u00f3j to klucz do przysz\u0142ych sukces\u00f3w klubu i dru\u017cyny, a pasja i zaanga\u017cowanie naszych dziewczynek pozwol\u0105 im osi\u0105gn\u0105\u0107 wielkie cele.<\/p>\n\n\n<div class=\"wp-block-image\">\n<figure class=\"aligncenter size-large is-resized\"><img loading=\"lazy\" decoding=\"async\" width=\"934\" height=\"1024\" src=\"https:\/\/pilkarecznapoznan.pl\/wp-content\/uploads\/2025\/11\/image-934x1024.png\" alt=\"\" class=\"wp-image-830\" style=\"width:753px;height:auto\" srcset=\"https:\/\/pilkarecznapoznan.pl\/wp-content\/uploads\/2025\/11\/image-934x1024.png 934w, https:\/\/pilkarecznapoznan.pl\/wp-content\/uploads\/2025\/11\/image-274x300.png 274w, https:\/\/pilkarecznapoznan.pl\/wp-content\/uploads\/2025\/11\/image-768x842.png 768w, https:\/\/pilkarecznapoznan.pl\/wp-content\/uploads\/2025\/11\/image.png 944w\" sizes=\"auto, (max-width: 934px) 100vw, 934px\" \/><\/figure>\n<\/div>\n\n\n<p>Ponadto klub Pi\u0142ka R\u0119czna Pozna\u0144 wsp\u00f3\u0142pracuje z lokalnymi klubami z Wielkopolski i w ramach tej wsp\u00f3\u0142pracy transferuje zawodniczki. Warto podkre\u015bli\u0107, \u017ce Pozna\u0144 jako miasto akademickie przyci\u0105ga wiele m\u0142odych zawodniczek, kt\u00f3re ch\u0119tnie wybieraj\u0105 barwy naszego klubu.<\/p>\n\n\n\n<p>Klub z roku na rok poszerza wachlarz swoich us\u0142ug w zakresie szkolenia dzieci i m\u0142odzie\u017cy, od przedszkolak\u00f3w po uczni\u00f3w szk\u00f3\u0142 ponadpodstawowych. Klub prowadzi kompleksowe szkolenia na r\u00f3\u017cnych poziomach, dostosowane do wieku i umiej\u0119tno\u015bci uczestnik\u00f3w. Oferujemy zaj\u0119cia w r\u00f3wnych grupach wiekowych, kt\u00f3re umo\u017cliwiaj\u0105 indywidualny rozw\u00f3j oraz nauk\u0119 w przyjaznej atmosferze. Trwa nab\u00f3r ci\u0105g\u0142y \u2013 zapraszamy wszystkie ch\u0119tne dziewczynki do do\u0142\u0105czenia do naszych zaj\u0119\u0107 i rozwijania swoich pasji sportowych w gronie r\u00f3wie\u015bniczek.<\/p>\n\n\n<div class=\"wp-block-image\">\n<figure class=\"aligncenter size-full\"><img loading=\"lazy\" decoding=\"async\" width=\"882\" height=\"882\" src=\"https:\/\/pilkarecznapoznan.pl\/wp-content\/uploads\/2025\/11\/image-1.png\" alt=\"\" class=\"wp-image-832\" srcset=\"https:\/\/pilkarecznapoznan.pl\/wp-content\/uploads\/2025\/11\/image-1.png 882w, https:\/\/pilkarecznapoznan.pl\/wp-content\/uploads\/2025\/11\/image-1-300x300.png 300w, https:\/\/pilkarecznapoznan.pl\/wp-content\/uploads\/2025\/11\/image-1-150x150.png 150w, https:\/\/pilkarecznapoznan.pl\/wp-content\/uploads\/2025\/11\/image-1-768x768.png 768w\" sizes=\"auto, (max-width: 882px) 100vw, 882px\" \/><\/figure>\n<\/div>\n\n\n<p class=\"has-text-align-center\"><strong>Mamy do\u015bwiadczenie w tym co robimy!<\/strong><\/p>\n\n\n\n<p>Dzi\u0119ki wsparciu \u015brodk\u00f3w bud\u017cetowych Miasta Poznania odbywaj\u0105 si\u0119 r\u00f3wnie\u017c zaj\u0119cia promuj\u0105ce sport i dyscyplin\u0119 pi\u0142ki r\u0119cznej w\u015br\u00f3d najm\u0142odszych mieszka\u0144c\u00f3w Poznania. Klub od lat wsp\u00f3\u0142pracuje z miastem Pozna\u0144 i mi\u0119dzy innymi w ramach zadania publicznego realizowa\u0142 dzia\u0142ania \u201eSuper dzieciak \u2013 w przysz\u0142o\u015bci wybieram sport\u201d oraz \u201eDzieciak na medali \u2013 w przysz\u0142o\u015bci wybieram sport\u201d. Aktualnie prowadzi zaj\u0119cia dla dzieci w ramach realizacji zadania \u201eAktywne dzieciaki \u2013 w przysz\u0142o\u015bci wybieram sport\u201d. Dzieci bior\u0105 udzia\u0142 w szkoleniu sportowym polegaj\u0105cym na regularnych treningach pod okiem trenera. Zaj\u0119cia sportowe z elementami sport\u00f3w zespo\u0142owych dla dzieci maj\u0105 na celu rozwijanie og\u00f3lnych umiej\u0119tno\u015bci motorycznych, spo\u0142ecznych oraz wsp\u00f3\u0142pracy w grupie. Klub, dzi\u0119ki \u015brodkom bud\u017cetowym Miasta Poznania, prowadzi tak\u017ce szkolenie m\u0142odzie\u017cy uzdolnionej sportowo, uczestnicz\u0105cej we wsp\u00f3\u0142zawodnictwie sportowym organizowanym przez okr\u0119gowe lub polskie zwi\u0105zki sportowe w dyscyplinach obj\u0119tych Systemem Sportu M\u0142odzie\u017cowego \u2013 M\u0142odzie\u017cowe Centra Sportu. Patronatem obj\u0119ta jest grupa m\u0142odziczek. Ca\u0142kowita warto\u015b\u0107 zadania publicznego wynosi 25 000 z\u0142, z czego dofinansowanie z bud\u017cetu miasta to 20 000 z\u0142.<\/p>\n\n\n\n<p>We wsp\u00f3\u0142pracy z lokalnymi szko\u0142ami podstawowymi m.in.:\u00a0 ze\u00a0Szkol\u0105 Podstawow\u0105 nr 72, klub prowadzi cykliczne zaj\u0119cia dla dzieci, ponadto w szkole dzia\u0142a klasa sportowa o profilu pi\u0142ki r\u0119cznej, gdzie patronat i szkolenie dziewczynek przej\u0105\u0142 klub Pi\u0142ka R\u0119czna Pozna\u0144.<\/p>\n\n\n\n<p>Ponadto razem z naszym partnerem ENEA klub prowadzi treningi z pi\u0142ki r\u0119cznej dla dzieci w ramach programu ENEA Handball\u00a0Akademii\u00a0<\/p>\n\n\n\n<p>Zaj\u0119cia obywaj\u0105 si\u0119 m.in. w Szkole Podstawowej nr 72, &nbsp;Szkole Podstawowej nr 88 &nbsp;w Poznaniu &nbsp;w pi\u0105tki o godz. 15:30 &nbsp;czy Szkole Podstawowej nr 90 w Poznaniu w \u015brody o godz. 16:30. Zapraszamy!<\/p>\n\n\n<div class=\"wp-block-image\">\n<figure class=\"aligncenter size-full\"><img loading=\"lazy\" decoding=\"async\" width=\"723\" height=\"723\" src=\"https:\/\/pilkarecznapoznan.pl\/wp-content\/uploads\/2025\/11\/image-2.png\" alt=\"\" class=\"wp-image-833\" srcset=\"https:\/\/pilkarecznapoznan.pl\/wp-content\/uploads\/2025\/11\/image-2.png 723w, https:\/\/pilkarecznapoznan.pl\/wp-content\/uploads\/2025\/11\/image-2-300x300.png 300w, https:\/\/pilkarecznapoznan.pl\/wp-content\/uploads\/2025\/11\/image-2-150x150.png 150w\" sizes=\"auto, (max-width: 723px) 100vw, 723px\" \/><\/figure>\n<\/div>\n\n\n<p>Razem z naszym partnerem, ENEA, stawiamy na rozw\u00f3j najm\u0142odszych! Ju\u017c kolejny rok prowadzimy ENEA Akademi\u0119 Przedszkolaka, gdzie przedszkola z Poznania maj\u0105 okazj\u0119 pozna\u0107 pi\u0142k\u0119 r\u0119czn\u0105 i aktywnie uczestniczy\u0107 w zaj\u0119ciach. Dzi\u0119ki takim inicjatywom chcemy zaszczepi\u0107 w najm\u0142odszych pasj\u0119 do sportu i aktywno\u015bci fizycznej. Z rado\u015bci\u0105 zapraszamy je r\u00f3wnie\u017c na nasze mecze, aby mog\u0142y na \u017cywo zobaczy\u0107, jak pasja do sportu \u0142\u0105czy i inspiruje.<\/p>\n\n\n<div class=\"wp-block-image\">\n<figure class=\"aligncenter size-full\"><img loading=\"lazy\" decoding=\"async\" width=\"707\" height=\"831\" src=\"https:\/\/pilkarecznapoznan.pl\/wp-content\/uploads\/2025\/11\/image-3.png\" alt=\"\" class=\"wp-image-834\" srcset=\"https:\/\/pilkarecznapoznan.pl\/wp-content\/uploads\/2025\/11\/image-3.png 707w, https:\/\/pilkarecznapoznan.pl\/wp-content\/uploads\/2025\/11\/image-3-255x300.png 255w\" sizes=\"auto, (max-width: 707px) 100vw, 707px\" \/><\/figure>\n<\/div>\n\n\n<p>Pi\u0142ka R\u0119czna Pozna\u0144 organizuje szereg event\u00f3w sportowych dla dzieci po\u015bwi\u0119conych tej dyscyplinie. Dajemy mo\u017cliwo\u015b\u0107 rozwijania sprawno\u015bci fizycznej dziecka w oparciu o gry i zabawy ukierunkowane na pi\u0142k\u0119 r\u0119czn\u0105.&nbsp; To bardzo istotne we wspomaganiu harmonijnego rozwoju psychofizycznego dzieci. Ponadto wykorzystujemy&nbsp;walory pi\u0142ki r\u0119cznej, jako pozytywnego wzorca zachowa\u0144 spo\u0142ecznych i postaw prozdrowotnych.<\/p>\n\n\n\n<p class=\"has-text-align-center\"><strong>Mamy do\u015bwiadczenie w tym co robimy!<\/strong><\/p>\n","protected":false},"excerpt":{"rendered":"<p>Poza grup\u0105 seniorsk\u0105 podstawa klubu opiera si\u0119 na rozwoju grup m\u0142odzie\u017cowych i ich szkoleniu. Z roku na rok rozszerzamy grupy dziewczyn w r\u00f3\u017cnych przedzia\u0142ach wiekowych, zaczynaj\u0105c od klas 4-5 (kategoria dzieci), a\u017c po m\u0142odziczki i juniorki m\u0142odsze \u2013 nastolatki, kt\u00f3re w przysz\u0142o\u015bci b\u0119d\u0105 zasila\u0107 nasz juniorski i seniorski zesp\u00f3\u0142. Skupiamy si\u0119 na tym, by rozwija\u0107&#8230;<\/p>\n","protected":false},"author":1,"featured_media":0,"parent":0,"menu_order":0,"comment_status":"closed","ping_status":"closed","template":"","meta":{"_kad_post_transparent":"","_kad_post_title":"","_kad_post_layout":"","_kad_post_sidebar_id":"","_kad_post_content_style":"","_kad_post_vertical_padding":"","_kad_post_feature":"","_kad_post_feature_position":"","_kad_post_header":false,"_kad_post_footer":false,"footnotes":""},"class_list":["post-396","page","type-page","status-publish","hentry"],"_links":{"self":[{"href":"https:\/\/pilkarecznapoznan.pl\/index.php\/wp-json\/wp\/v2\/pages\/396","targetHints":{"allow":["GET"]}}],"collection":[{"href":"https:\/\/pilkarecznapoznan.pl\/index.php\/wp-json\/wp\/v2\/pages"}],"about":[{"href":"https:\/\/pilkarecznapoznan.pl\/index.php\/wp-json\/wp\/v2\/types\/page"}],"author":[{"embeddable":true,"href":"https:\/\/pilkarecznapoznan.pl\/index.php\/wp-json\/wp\/v2\/users\/1"}],"replies":[{"embeddable":true,"href":"https:\/\/pilkarecznapoznan.pl\/index.php\/wp-json\/wp\/v2\/comments?post=396"}],"version-history":[{"count":3,"href":"https:\/\/pilkarecznapoznan.pl\/index.php\/wp-json\/wp\/v2\/pages\/396\/revisions"}],"predecessor-version":[{"id":835,"href":"https:\/\/pilkarecznapoznan.pl\/index.php\/wp-json\/wp\/v2\/pages\/396\/revisions\/835"}],"wp:attachment":[{"href":"https:\/\/pilkarecznapoznan.pl\/index.php\/wp-json\/wp\/v2\/media?parent=396"}],"curies":[{"name":"wp","href":"https:\/\/api.w.org\/{rel}","templated":true}]}}