{"id":379,"date":"2023-10-20T18:00:22","date_gmt":"2023-10-20T16:00:22","guid":{"rendered":"https:\/\/server963268.nazwa.pl\/wpre\/?page_id=379"},"modified":"2025-01-07T19:38:01","modified_gmt":"2025-01-07T19:38:01","slug":"aktualnosci","status":"publish","type":"page","link":"https:\/\/pilkarecznapoznan.pl\/index.php\/aktualnosci\/","title":{"rendered":"Aktualno\u015bci &#8211; z \u017cycia dru\u017cyny"},"content":{"rendered":"\n<div class=\"wp-block-columns is-layout-flex wp-container-core-columns-is-layout-9d6595d7 wp-block-columns-is-layout-flex\">\n<div class=\"wp-block-column is-layout-flow wp-block-column-is-layout-flow\" style=\"flex-basis:85%\"><ul class=\"wp-block-latest-posts__list is-grid columns-2 has-dates aligncenter wp-block-latest-posts\"><li><div class=\"wp-block-latest-posts__featured-image aligncenter\"><img loading=\"lazy\" decoding=\"async\" width=\"1024\" height=\"719\" src=\"https:\/\/pilkarecznapoznan.pl\/wp-content\/uploads\/2025\/11\/30.09.2025-1024x719.png\" class=\"attachment-large size-large wp-post-image\" alt=\"\" style=\"max-width:512px;max-height:512px;\" srcset=\"https:\/\/pilkarecznapoznan.pl\/wp-content\/uploads\/2025\/11\/30.09.2025-1024x719.png 1024w, https:\/\/pilkarecznapoznan.pl\/wp-content\/uploads\/2025\/11\/30.09.2025-300x211.png 300w, https:\/\/pilkarecznapoznan.pl\/wp-content\/uploads\/2025\/11\/30.09.2025-768x539.png 768w, https:\/\/pilkarecznapoznan.pl\/wp-content\/uploads\/2025\/11\/30.09.2025-1536x1079.png 1536w, https:\/\/pilkarecznapoznan.pl\/wp-content\/uploads\/2025\/11\/30.09.2025-2048x1438.png 2048w\" sizes=\"auto, (max-width: 1024px) 100vw, 1024px\" \/><\/div><a class=\"wp-block-latest-posts__post-title\" href=\"https:\/\/pilkarecznapoznan.pl\/index.php\/2025\/09\/30\/sezon-2025-2026-to-nowe-wyzwania-dla-enea-pilka-reczna-poznan\/\">Sezon 2025\/2026 to nowe wyzwania dla Enea Pi\u0142ka R\u0119czna Pozna\u0144<\/a><time datetime=\"2025-09-30T21:00:00+00:00\" class=\"wp-block-latest-posts__post-date\">30 wrze\u015bnia, 2025<\/time><\/li>\n<li><div class=\"wp-block-latest-posts__featured-image aligncenter\"><img loading=\"lazy\" decoding=\"async\" width=\"1024\" height=\"683\" src=\"https:\/\/pilkarecznapoznan.pl\/wp-content\/uploads\/2025\/11\/30.05.2025-1024x683.jpg\" class=\"attachment-large size-large wp-post-image\" alt=\"\" style=\"max-width:512px;max-height:512px;\" srcset=\"https:\/\/pilkarecznapoznan.pl\/wp-content\/uploads\/2025\/11\/30.05.2025-1024x683.jpg 1024w, https:\/\/pilkarecznapoznan.pl\/wp-content\/uploads\/2025\/11\/30.05.2025-300x200.jpg 300w, https:\/\/pilkarecznapoznan.pl\/wp-content\/uploads\/2025\/11\/30.05.2025-768x512.jpg 768w, https:\/\/pilkarecznapoznan.pl\/wp-content\/uploads\/2025\/11\/30.05.2025-1536x1024.jpg 1536w, https:\/\/pilkarecznapoznan.pl\/wp-content\/uploads\/2025\/11\/30.05.2025-2048x1365.jpg 2048w\" sizes=\"auto, (max-width: 1024px) 100vw, 1024px\" \/><\/div><a class=\"wp-block-latest-posts__post-title\" href=\"https:\/\/pilkarecznapoznan.pl\/index.php\/2025\/05\/31\/seria-zwyciestw-i-swietna-forma\/\">Seria zwyci\u0119stw i \u015bwietna forma!<\/a><time datetime=\"2025-05-31T12:00:00+00:00\" class=\"wp-block-latest-posts__post-date\">31 maja, 2025<\/time><\/li>\n<li><div class=\"wp-block-latest-posts__featured-image aligncenter\"><img loading=\"lazy\" decoding=\"async\" width=\"1024\" height=\"681\" src=\"https:\/\/pilkarecznapoznan.pl\/wp-content\/uploads\/2025\/11\/31.03.2025-1024x681.jpg\" class=\"attachment-large size-large wp-post-image\" alt=\"\" style=\"max-width:512px;max-height:512px;\" srcset=\"https:\/\/pilkarecznapoznan.pl\/wp-content\/uploads\/2025\/11\/31.03.2025-1024x681.jpg 1024w, https:\/\/pilkarecznapoznan.pl\/wp-content\/uploads\/2025\/11\/31.03.2025-300x200.jpg 300w, https:\/\/pilkarecznapoznan.pl\/wp-content\/uploads\/2025\/11\/31.03.2025-768x511.jpg 768w, https:\/\/pilkarecznapoznan.pl\/wp-content\/uploads\/2025\/11\/31.03.2025-1536x1022.jpg 1536w, https:\/\/pilkarecznapoznan.pl\/wp-content\/uploads\/2025\/11\/31.03.2025-2048x1363.jpg 2048w\" sizes=\"auto, (max-width: 1024px) 100vw, 1024px\" \/><\/div><a class=\"wp-block-latest-posts__post-title\" href=\"https:\/\/pilkarecznapoznan.pl\/index.php\/2025\/03\/31\/nowe-plany-i-cele-klubu\/\">Nowe plany i cele klubu!<\/a><time datetime=\"2025-03-31T21:00:00+00:00\" class=\"wp-block-latest-posts__post-date\">31 marca, 2025<\/time><\/li>\n<li><div class=\"wp-block-latest-posts__featured-image aligncenter\"><img loading=\"lazy\" decoding=\"async\" width=\"1024\" height=\"1024\" src=\"https:\/\/pilkarecznapoznan.pl\/wp-content\/uploads\/2025\/01\/2025.01.07-1024x1024.jpg\" class=\"attachment-large size-large wp-post-image\" alt=\"\" style=\"max-width:512px;max-height:512px;\" srcset=\"https:\/\/pilkarecznapoznan.pl\/wp-content\/uploads\/2025\/01\/2025.01.07-1024x1024.jpg 1024w, https:\/\/pilkarecznapoznan.pl\/wp-content\/uploads\/2025\/01\/2025.01.07-300x300.jpg 300w, https:\/\/pilkarecznapoznan.pl\/wp-content\/uploads\/2025\/01\/2025.01.07-150x150.jpg 150w, https:\/\/pilkarecznapoznan.pl\/wp-content\/uploads\/2025\/01\/2025.01.07-768x768.jpg 768w, https:\/\/pilkarecznapoznan.pl\/wp-content\/uploads\/2025\/01\/2025.01.07.jpg 1080w\" sizes=\"auto, (max-width: 1024px) 100vw, 1024px\" \/><\/div><a class=\"wp-block-latest-posts__post-title\" href=\"https:\/\/pilkarecznapoznan.pl\/index.php\/2025\/01\/07\/rozpoczynamy-rok-2025\/\">Rozpoczynamy rok 2025<\/a><time datetime=\"2025-01-07T20:00:00+00:00\" class=\"wp-block-latest-posts__post-date\">7 stycznia, 2025<\/time><\/li>\n<\/ul><\/div>\n\n\n\n<div class=\"wp-block-column is-layout-flow wp-block-column-is-layout-flow\" style=\"flex-basis:15%\"><ul class=\"wp-block-archives-list wp-block-archives\">\t<li><a href='https:\/\/pilkarecznapoznan.pl\/index.php\/2025\/09\/'>wrzesie\u0144 2025<\/a><\/li>\n\t<li><a href='https:\/\/pilkarecznapoznan.pl\/index.php\/2025\/05\/'>maj 2025<\/a><\/li>\n\t<li><a href='https:\/\/pilkarecznapoznan.pl\/index.php\/2025\/03\/'>marzec 2025<\/a><\/li>\n\t<li><a href='https:\/\/pilkarecznapoznan.pl\/index.php\/2025\/01\/'>stycze\u0144 2025<\/a><\/li>\n\t<li><a href='https:\/\/pilkarecznapoznan.pl\/index.php\/2024\/12\/'>grudzie\u0144 2024<\/a><\/li>\n\t<li><a href='https:\/\/pilkarecznapoznan.pl\/index.php\/2024\/11\/'>listopad 2024<\/a><\/li>\n\t<li><a href='https:\/\/pilkarecznapoznan.pl\/index.php\/2024\/10\/'>pa\u017adziernik 2024<\/a><\/li>\n\t<li><a href='https:\/\/pilkarecznapoznan.pl\/index.php\/2024\/09\/'>wrzesie\u0144 2024<\/a><\/li>\n\t<li><a href='https:\/\/pilkarecznapoznan.pl\/index.php\/2024\/08\/'>sierpie\u0144 2024<\/a><\/li>\n\t<li><a href='https:\/\/pilkarecznapoznan.pl\/index.php\/2023\/11\/'>listopad 2023<\/a><\/li>\n\t<li><a href='https:\/\/pilkarecznapoznan.pl\/index.php\/2023\/10\/'>pa\u017adziernik 2023<\/a><\/li>\n\t<li><a href='https:\/\/pilkarecznapoznan.pl\/index.php\/2023\/09\/'>wrzesie\u0144 2023<\/a><\/li>\n\t<li><a href='https:\/\/pilkarecznapoznan.pl\/index.php\/2023\/08\/'>sierpie\u0144 2023<\/a><\/li>\n\t<li><a href='https:\/\/pilkarecznapoznan.pl\/index.php\/2023\/07\/'>lipiec 2023<\/a><\/li>\n<\/ul><\/div>\n<\/div>\n\n\n\n<hr class=\"wp-block-separator has-alpha-channel-opacity is-style-wide\"\/>\n\n\n\n<div class=\"wp-block-columns are-vertically-aligned-center has-medium-font-size is-layout-flex wp-container-core-columns-is-layout-9d6595d7 wp-block-columns-is-layout-flex\">\n<div class=\"wp-block-column is-vertically-aligned-center is-layout-flow wp-block-column-is-layout-flow\" style=\"flex-basis:60%\">\n<p class=\"has-text-align-right\"><strong>Zawsze aktualne wiadomo\u015bci znajdziesz na naszych social mediach:<\/strong><\/p>\n<\/div>\n\n\n\n<div class=\"wp-block-column is-vertically-aligned-center is-layout-flow wp-block-column-is-layout-flow\" style=\"flex-basis:40%\">\n<ul class=\"wp-block-social-links aligncenter has-visible-labels is-vertical is-content-justification-left is-layout-flex wp-container-core-social-links-is-layout-aacc3761 wp-block-social-links-is-layout-flex\"><li class=\"wp-social-link wp-social-link-facebook  wp-block-social-link\"><a rel=\"noopener nofollow\" target=\"_blank\" href=\"https:\/\/www.facebook.com\/profile.php?id=100066895969926\" class=\"wp-block-social-link-anchor\"><svg width=\"24\" height=\"24\" viewBox=\"0 0 24 24\" version=\"1.1\" xmlns=\"http:\/\/www.w3.org\/2000\/svg\" aria-hidden=\"true\" focusable=\"false\"><path d=\"M12 2C6.5 2 2 6.5 2 12c0 5 3.7 9.1 8.4 9.9v-7H7.9V12h2.5V9.8c0-2.5 1.5-3.9 3.8-3.9 1.1 0 2.2.2 2.2.2v2.5h-1.3c-1.2 0-1.6.8-1.6 1.6V12h2.8l-.4 2.9h-2.3v7C18.3 21.1 22 17 22 12c0-5.5-4.5-10-10-10z\"><\/path><\/svg><span class=\"wp-block-social-link-label\">Facebook<\/span><\/a><\/li>\n\n<li class=\"wp-social-link wp-social-link-instagram  wp-block-social-link\"><a rel=\"noopener nofollow\" target=\"_blank\" href=\"https:\/\/www.instagram.com\/enea_pilkareczna_poznan\/\" class=\"wp-block-social-link-anchor\"><svg width=\"24\" height=\"24\" viewBox=\"0 0 24 24\" version=\"1.1\" xmlns=\"http:\/\/www.w3.org\/2000\/svg\" aria-hidden=\"true\" focusable=\"false\"><path d=\"M12,4.622c2.403,0,2.688,0.009,3.637,0.052c0.877,0.04,1.354,0.187,1.671,0.31c0.42,0.163,0.72,0.358,1.035,0.673 c0.315,0.315,0.51,0.615,0.673,1.035c0.123,0.317,0.27,0.794,0.31,1.671c0.043,0.949,0.052,1.234,0.052,3.637 s-0.009,2.688-0.052,3.637c-0.04,0.877-0.187,1.354-0.31,1.671c-0.163,0.42-0.358,0.72-0.673,1.035 c-0.315,0.315-0.615,0.51-1.035,0.673c-0.317,0.123-0.794,0.27-1.671,0.31c-0.949,0.043-1.233,0.052-3.637,0.052 s-2.688-0.009-3.637-0.052c-0.877-0.04-1.354-0.187-1.671-0.31c-0.42-0.163-0.72-0.358-1.035-0.673 c-0.315-0.315-0.51-0.615-0.673-1.035c-0.123-0.317-0.27-0.794-0.31-1.671C4.631,14.688,4.622,14.403,4.622,12 s0.009-2.688,0.052-3.637c0.04-0.877,0.187-1.354,0.31-1.671c0.163-0.42,0.358-0.72,0.673-1.035 c0.315-0.315,0.615-0.51,1.035-0.673c0.317-0.123,0.794-0.27,1.671-0.31C9.312,4.631,9.597,4.622,12,4.622 M12,3 C9.556,3,9.249,3.01,8.289,3.054C7.331,3.098,6.677,3.25,6.105,3.472C5.513,3.702,5.011,4.01,4.511,4.511 c-0.5,0.5-0.808,1.002-1.038,1.594C3.25,6.677,3.098,7.331,3.054,8.289C3.01,9.249,3,9.556,3,12c0,2.444,0.01,2.751,0.054,3.711 c0.044,0.958,0.196,1.612,0.418,2.185c0.23,0.592,0.538,1.094,1.038,1.594c0.5,0.5,1.002,0.808,1.594,1.038 c0.572,0.222,1.227,0.375,2.185,0.418C9.249,20.99,9.556,21,12,21s2.751-0.01,3.711-0.054c0.958-0.044,1.612-0.196,2.185-0.418 c0.592-0.23,1.094-0.538,1.594-1.038c0.5-0.5,0.808-1.002,1.038-1.594c0.222-0.572,0.375-1.227,0.418-2.185 C20.99,14.751,21,14.444,21,12s-0.01-2.751-0.054-3.711c-0.044-0.958-0.196-1.612-0.418-2.185c-0.23-0.592-0.538-1.094-1.038-1.594 c-0.5-0.5-1.002-0.808-1.594-1.038c-0.572-0.222-1.227-0.375-2.185-0.418C14.751,3.01,14.444,3,12,3L12,3z M12,7.378 c-2.552,0-4.622,2.069-4.622,4.622S9.448,16.622,12,16.622s4.622-2.069,4.622-4.622S14.552,7.378,12,7.378z M12,15 c-1.657,0-3-1.343-3-3s1.343-3,3-3s3,1.343,3,3S13.657,15,12,15z M16.804,6.116c-0.596,0-1.08,0.484-1.08,1.08 s0.484,1.08,1.08,1.08c0.596,0,1.08-0.484,1.08-1.08S17.401,6.116,16.804,6.116z\"><\/path><\/svg><span class=\"wp-block-social-link-label\">Instagram<\/span><\/a><\/li><\/ul>\n<\/div>\n<\/div>\n\n\n\n<div class=\"wp-block-group\"><div class=\"wp-block-group__inner-container is-layout-constrained wp-block-group-is-layout-constrained\">\n<div class=\"wp-block-group\"><div class=\"wp-block-group__inner-container is-layout-constrained wp-block-group-is-layout-constrained\">\n<hr class=\"wp-block-separator has-alpha-channel-opacity is-style-wide\"\/>\n<\/div><\/div>\n<\/div><\/div>\n\n\n\n<p><\/p>\n","protected":false},"excerpt":{"rendered":"<p>Zawsze aktualne wiadomo\u015bci znajdziesz na naszych social mediach:<\/p>\n","protected":false},"author":1,"featured_media":0,"parent":0,"menu_order":0,"comment_status":"closed","ping_status":"closed","template":"","meta":{"_kad_post_transparent":"","_kad_post_title":"","_kad_post_layout":"","_kad_post_sidebar_id":"","_kad_post_content_style":"","_kad_post_vertical_padding":"","_kad_post_feature":"","_kad_post_feature_position":"","_kad_post_header":false,"_kad_post_footer":false,"footnotes":""},"class_list":["post-379","page","type-page","status-publish","hentry"],"_links":{"self":[{"href":"https:\/\/pilkarecznapoznan.pl\/index.php\/wp-json\/wp\/v2\/pages\/379","targetHints":{"allow":["GET"]}}],"collection":[{"href":"https:\/\/pilkarecznapoznan.pl\/index.php\/wp-json\/wp\/v2\/pages"}],"about":[{"href":"https:\/\/pilkarecznapoznan.pl\/index.php\/wp-json\/wp\/v2\/types\/page"}],"author":[{"embeddable":true,"href":"https:\/\/pilkarecznapoznan.pl\/index.php\/wp-json\/wp\/v2\/users\/1"}],"replies":[{"embeddable":true,"href":"https:\/\/pilkarecznapoznan.pl\/index.php\/wp-json\/wp\/v2\/comments?post=379"}],"version-history":[{"count":2,"href":"https:\/\/pilkarecznapoznan.pl\/index.php\/wp-json\/wp\/v2\/pages\/379\/revisions"}],"predecessor-version":[{"id":666,"href":"https:\/\/pilkarecznapoznan.pl\/index.php\/wp-json\/wp\/v2\/pages\/379\/revisions\/666"}],"wp:attachment":[{"href":"https:\/\/pilkarecznapoznan.pl\/index.php\/wp-json\/wp\/v2\/media?parent=379"}],"curies":[{"name":"wp","href":"https:\/\/api.w.org\/{rel}","templated":true}]}}