{"id":27,"date":"2023-08-20T15:35:21","date_gmt":"2023-08-20T13:35:21","guid":{"rendered":"http:\/\/server963268.nazwa.pl\/wpre\/?page_id=27"},"modified":"2025-11-10T20:49:21","modified_gmt":"2025-11-10T20:49:21","slug":"kontakt","status":"publish","type":"page","link":"https:\/\/pilkarecznapoznan.pl\/index.php\/kontakt\/","title":{"rendered":"Kontakt"},"content":{"rendered":"\n<div class=\"wp-block-columns is-layout-flex wp-container-core-columns-is-layout-9d6595d7 wp-block-columns-is-layout-flex\">\n<div class=\"wp-block-column is-layout-flow wp-block-column-is-layout-flow\" style=\"flex-basis:66.66%\">\n<figure class=\"wp-block-image size-large\"><img loading=\"lazy\" decoding=\"async\" width=\"1024\" height=\"659\" src=\"http:\/\/pilkarecznapoznan.pl\/wp-content\/uploads\/2025\/11\/Kontakt-1024x659.png\" alt=\"\" class=\"wp-image-791\" srcset=\"https:\/\/pilkarecznapoznan.pl\/wp-content\/uploads\/2025\/11\/Kontakt-1024x659.png 1024w, https:\/\/pilkarecznapoznan.pl\/wp-content\/uploads\/2025\/11\/Kontakt-300x193.png 300w, https:\/\/pilkarecznapoznan.pl\/wp-content\/uploads\/2025\/11\/Kontakt-768x495.png 768w, https:\/\/pilkarecznapoznan.pl\/wp-content\/uploads\/2025\/11\/Kontakt-1536x989.png 1536w, https:\/\/pilkarecznapoznan.pl\/wp-content\/uploads\/2025\/11\/Kontakt-2048x1319.png 2048w\" sizes=\"auto, (max-width: 1024px) 100vw, 1024px\" \/><\/figure>\n<\/div>\n\n\n\n<div class=\"wp-block-column is-layout-flow wp-block-column-is-layout-flow\" style=\"flex-basis:33.33%\">\n<p>Je\u015bli chcesz dowiedzie\u0107 si\u0119 wi\u0119cej o naszej dzia\u0142alno\u015bci, zaj\u0119ciach, zapisach lub masz jakiekolwiek pytania, skontaktuj si\u0119 z nami:<\/p>\n\n\n\n<p class=\"has-text-align-center\"><strong>E-mail: <\/strong><a href=\"mailto:pilkareczna.poznan@gmail.com\" target=\"_blank\" rel=\"noreferrer noopener\"><strong>pilkareczna.poznan@gmail.com<\/strong><\/a><\/p>\n\n\n\n<p>Mo\u017cesz tak\u017ce skontaktowa\u0107 si\u0119 z nami <strong>na Messenger na Facebooku<\/strong>!<\/p>\n\n\n<div class=\"cff-wrapper\">\t<h3 class=\"cff-header  cff-outside\" >\n\t\t<span class=\"fa fab fa-\"  style=\"font-size:28px;\"  aria-hidden=\"true\"><\/span>\n\t\t<span class=\"header-text\"><\/span>\n\t<\/h3>\n<div class=\"cff-wrapper-ctn \" ><div id=\"cff\"  class=\"cff cff-list-container  cff-default-styles  cff-mob-cols-1 cff-tab-cols-1\"   style=\"width:100%;\"   data-char=\"400\" ><div class=\"cff-posts-wrap\">\n<div class=\"cff-likebox cff-bottom\" >\n\t\t<iframe title=\"Likebox Iframe\" src=\"\" class=\"fb_iframe_widget\" data-likebox-id=\"1455778068040517\" data-likebox-width=\"300\" data-likebox-header=\"\" data-hide-cover=\"\" data-hide-cta=\"1\" data-likebox-faces=\"\" data-height=\"130\" data-locale=\"pl_PL\" scrolling=\"no\" allowTransparency=\"true\" allow=\"encrypted-media\" ><\/iframe>\n<\/div>\n<\/div><input class=\"cff-pag-url\" type=\"hidden\" data-locatornonce=\"77d15aeeb7\" data-cff-shortcode=\"{&quot;feed&quot;: &quot;2&quot;}\" data-post-id=\"27\" data-feed-id=\"1455778068040517\"><\/div><\/div><div class=\"cff-clear\"><\/div><\/div>\n\n\n\n<p>Wystarczy, \u017ce wy\u015blesz wiadomo\u015b\u0107, a nasz zesp\u00f3\u0142 odpowie na Twoje pytania jak najszybciej. <\/p>\n<\/div>\n<\/div>\n\n\n\n<p><\/p>\n","protected":false},"excerpt":{"rendered":"<p>Je\u015bli chcesz dowiedzie\u0107 si\u0119 wi\u0119cej o naszej dzia\u0142alno\u015bci, zaj\u0119ciach, zapisach lub masz jakiekolwiek pytania, skontaktuj si\u0119 z nami: E-mail: pilkareczna.poznan@gmail.com Mo\u017cesz tak\u017ce skontaktowa\u0107 si\u0119 z nami na Messenger na Facebooku! Wystarczy, \u017ce wy\u015blesz wiadomo\u015b\u0107, a nasz zesp\u00f3\u0142 odpowie na Twoje pytania jak najszybciej.<\/p>\n","protected":false},"author":1,"featured_media":0,"parent":0,"menu_order":0,"comment_status":"closed","ping_status":"closed","template":"","meta":{"_kad_post_transparent":"","_kad_post_title":"","_kad_post_layout":"","_kad_post_sidebar_id":"","_kad_post_content_style":"","_kad_post_vertical_padding":"","_kad_post_feature":"","_kad_post_feature_position":"","_kad_post_header":false,"_kad_post_footer":false,"footnotes":""},"class_list":["post-27","page","type-page","status-publish","hentry"],"_links":{"self":[{"href":"https:\/\/pilkarecznapoznan.pl\/index.php\/wp-json\/wp\/v2\/pages\/27","targetHints":{"allow":["GET"]}}],"collection":[{"href":"https:\/\/pilkarecznapoznan.pl\/index.php\/wp-json\/wp\/v2\/pages"}],"about":[{"href":"https:\/\/pilkarecznapoznan.pl\/index.php\/wp-json\/wp\/v2\/types\/page"}],"author":[{"embeddable":true,"href":"https:\/\/pilkarecznapoznan.pl\/index.php\/wp-json\/wp\/v2\/users\/1"}],"replies":[{"embeddable":true,"href":"https:\/\/pilkarecznapoznan.pl\/index.php\/wp-json\/wp\/v2\/comments?post=27"}],"version-history":[{"count":6,"href":"https:\/\/pilkarecznapoznan.pl\/index.php\/wp-json\/wp\/v2\/pages\/27\/revisions"}],"predecessor-version":[{"id":820,"href":"https:\/\/pilkarecznapoznan.pl\/index.php\/wp-json\/wp\/v2\/pages\/27\/revisions\/820"}],"wp:attachment":[{"href":"https:\/\/pilkarecznapoznan.pl\/index.php\/wp-json\/wp\/v2\/media?parent=27"}],"curies":[{"name":"wp","href":"https:\/\/api.w.org\/{rel}","templated":true}]}}